{"id":14468,"date":"2014-03-28T10:11:36","date_gmt":"2014-03-28T10:11:36","guid":{"rendered":"http:\/\/demo.qodeinteractive.com\/bridge\/?page_id=14468"},"modified":"2022-10-31T10:31:01","modified_gmt":"2022-10-31T13:31:01","slug":"home","status":"publish","type":"page","link":"https:\/\/www.baladalva.com.br\/site\/","title":{"rendered":"Home 1"},"content":{"rendered":"<p>[vc_row row_type=&#8221;row&#8221; use_row_as_full_screen_section=&#8221;no&#8221; type=&#8221;full_width&#8221; anchor=&#8221;portfolio&#8221; angled_section=&#8221;no&#8221; text_align=&#8221;center&#8221; background_image_as_pattern=&#8221;without_pattern&#8221; background_color=&#8221;#feca15&#8243; css_animation=&#8221;&#8221;][vc_column width=&#8221;1\/2&#8243;][vc_column_text css=&#8221;.vc_custom_1464745365803{margin-top: 46px !important;margin-bottom: 20px !important;}&#8221;]<\/p>\n<h1 style=\"text-align: right;\">CURTA A DALVA NAS REDES SOCIAIS<\/h1>\n<p>[\/vc_column_text][\/vc_column][vc_column width=&#8221;1\/2&#8243;][vc_row_inner row_type=&#8221;row&#8221; type=&#8221;full_width&#8221; text_align=&#8221;left&#8221; css_animation=&#8221;&#8221;][vc_column_inner width=&#8221;1\/2&#8243;][vc_column_text css=&#8221;.vc_custom_1462913471029{margin-bottom: 16px !important;}&#8221;]<\/p>\n<p style=\"text-align: center;\"><a href=\"https:\/\/www.facebook.com\/baladalva\/\" target=\"_blank\" rel=\"noopener noreferrer\"><img loading=\"lazy\" decoding=\"async\" class=\"wp-image-14948 aligncenter\" src=\"http:\/\/www.baladalva.com.br\/site\/wp-content\/uploads\/2014\/03\/facebook-bala-dalva.png\" alt=\"facebook-bala-dalva\" width=\"100\" height=\"100\" \/><br \/>\n<\/a><\/p>\n<p>[\/vc_column_text][\/vc_column_inner][vc_column_inner width=&#8221;1\/2&#8243;][vc_column_text css=&#8221;.vc_custom_1462832381941{margin-top: 16px !important;margin-bottom: 16px !important;}&#8221;]<\/p>\n<p style=\"text-align: center;\"><a href=\"https:\/\/www.facebook.com\/Bala-Dalva-1677655325831285\/?fref=ts\" target=\"_blank\" rel=\"noopener noreferrer\"><img loading=\"lazy\" decoding=\"async\" class=\"wp-image-15121 alignleft\" src=\"http:\/\/www.baladalva.com.br\/site\/wp-content\/uploads\/2014\/03\/INSTAGRAM.png\" alt=\"INSTAGRAM\" width=\"90\" height=\"90\" \/><\/a><\/p>\n<p>[\/vc_column_text][\/vc_column_inner][\/vc_row_inner][\/vc_column][\/vc_row][vc_row row_type=&#8221;row&#8221; use_row_as_full_screen_section=&#8221;no&#8221; type=&#8221;full_width&#8221; anchor=&#8221;portfolio&#8221; angled_section=&#8221;no&#8221; text_align=&#8221;center&#8221; background_image_as_pattern=&#8221;without_pattern&#8221; background_color=&#8221;#feca15&#8243; css_animation=&#8221;&#8221;][vc_column]<div class='q_masonry_blog'><div class=\"q_masonry_blog_grid_sizer\"><\/div><div class=\"q_masonry_blog_grid_gutter\"><\/div><article  class='post-15180 post type-post status-publish format-standard has-post-thumbnail hentry category-blog '><div class=\"q_masonry_blog_post_image\"><a itemprop=\"url\" href=\"https:\/\/www.baladalva.com.br\/site\/vocesabia\/\" target=\"_self\"><img decoding=\"async\" itemprop=\"image\" src=\"https:\/\/www.baladalva.com.br\/site\/wp-content\/uploads\/2016\/09\/IMG_1602.jpg\" \/><\/a><\/div><div class=\"q_masonry_blog_post_text\"><h5 itemprop=\"name\" class=\"q_masonry_blog_title entry_title\"><a itemprop=\"url\" href=\"https:\/\/www.baladalva.com.br\/site\/vocesabia\/\">VOCE SABIA ???<\/a><\/h5><p itemprop=\"description\" class=\"q_masonry_blog_excerpt\">Voc\u00ea sabia que a Bala Dalva existe 74 anos com a mesma fam\u00edlia, mantendo a receita original de sua fabrica\u00e7\u00e3o, onde na sua formula vai somente coco, \u00e1gua e a\u00e7\u00facar, sem a adi\u00e7\u00e3o de conservantes, esbalizantes e um produto O% LACTOSE. E hoje quem comanda......<\/p><div class=\"q_masonry_blog_post_info\"><span itemprop=\"dateCreated\" class=\"time entry_date updated\">02 setembro, 2016<meta itemprop=\"interactionCount\" content=\"UserComments: <?php echo get_comments_number(qode_get_page_id()); ?>\"\/><\/span> \/ <a itemprop=\"url\" class=\"post_comments\" href=\"https:\/\/www.baladalva.com.br\/site\/vocesabia\/#respond\">No comment<\/a><\/div><\/div><\/article><article  class='post-15199 post type-post status-publish format-standard has-post-thumbnail hentry category-blog '><div class=\"q_masonry_blog_post_image\"><a itemprop=\"url\" href=\"https:\/\/www.baladalva.com.br\/site\/escreva-sua-historia\/\" target=\"_self\"><img decoding=\"async\" itemprop=\"image\" src=\"https:\/\/www.baladalva.com.br\/site\/wp-content\/uploads\/2016\/09\/CONTE-SUA-HISTORIA-2.jpg\" \/><\/a><\/div><div class=\"q_masonry_blog_post_text\"><h5 itemprop=\"name\" class=\"q_masonry_blog_title entry_title\"><a itemprop=\"url\" href=\"https:\/\/www.baladalva.com.br\/site\/escreva-sua-historia\/\">ESCREVA SUA HISTORIA<\/a><\/h5><p itemprop=\"description\" class=\"q_masonry_blog_excerpt\">CONTE AQUI SUA HISTORIA QUE MARCOU VOCE JUNTO COM A BALA DALVA QUE ESTA A 74 ANOS COM VOCE....<\/p><div class=\"q_masonry_blog_post_info\"><span itemprop=\"dateCreated\" class=\"time entry_date updated\">04 setembro, 2016<meta itemprop=\"interactionCount\" content=\"UserComments: <?php echo get_comments_number(qode_get_page_id()); ?>\"\/><\/span> \/ <a itemprop=\"url\" class=\"post_comments\" href=\"https:\/\/www.baladalva.com.br\/site\/escreva-sua-historia\/#comments\">16 Comments<\/a><\/div><\/div><\/article><\/div>[\/vc_column][\/vc_row][vc_row row_type=&#8221;row&#8221; use_row_as_full_screen_section=&#8221;no&#8221; type=&#8221;full_width&#8221; anchor=&#8221;gallery&#8221; angled_section=&#8221;no&#8221; text_align=&#8221;left&#8221; background_image_as_pattern=&#8221;without_pattern&#8221; css_animation=&#8221;&#8221;][vc_column][vc_gallery type=&#8221;image_grid&#8221; images=&#8221;14927,15161,15166,15213&#8243; img_size=&#8221;600&#215;600&#8243; column_number=&#8221;4&#8243; grayscale=&#8221;no&#8221; images_space=&#8221;gallery_without_space&#8221; title=&#8221;Nova Rotulagem &#8220;][\/vc_column][\/vc_row][vc_row row_type=&#8221;row&#8221; use_row_as_full_screen_section=&#8221;no&#8221; type=&#8221;grid&#8221; angled_section=&#8221;no&#8221; text_align=&#8221;center&#8221; background_image_as_pattern=&#8221;without_pattern&#8221; background_color=&#8221;#d01e25&#8243; border_color=&#8221;#bababa&#8221; padding_top=&#8221;54&#8243; padding_bottom=&#8221;58&#8243; css_animation=&#8221;&#8221;][vc_column][vc_column_text]<\/p>\n<h1 style=\"text-align: center;\"><span style=\"color: #ffffff;\">UM PRODUTO ARTESANAL<\/span><\/h1>\n<p>[\/vc_column_text][\/vc_column][\/vc_row][vc_row row_type=&#8221;row&#8221; use_row_as_full_screen_section=&#8221;no&#8221; type=&#8221;grid&#8221; angled_section=&#8221;no&#8221; text_align=&#8221;left&#8221; background_image_as_pattern=&#8221;without_pattern&#8221; background_color=&#8221;#ffffff&#8221; padding_top=&#8221;77&#8243; padding_bottom=&#8221;48&#8243; css_animation=&#8221;&#8221;][vc_column][vc_column_text]<\/p>\n<h2 style=\"text-align: center;\"><strong>\u00daLTIMAS NO INSTAGRAM<\/strong><\/h2>\n<p>[\/vc_column_text][vc_column_text]<\/p>\n<p style=\"text-align: center;\">[instagram-feed]<\/p>\n<p>[\/vc_column_text][\/vc_column][\/vc_row][vc_row row_type=&#8221;row&#8221; use_row_as_full_screen_section=&#8221;no&#8221; type=&#8221;grid&#8221; angled_section=&#8221;no&#8221; text_align=&#8221;center&#8221; background_image_as_pattern=&#8221;without_pattern&#8221; padding_top=&#8221;25%&#8221; padding_bottom=&#8221;25%&#8221; css_animation=&#8221;&#8221;][vc_column][vc_column_text css=&#8221;.vc_custom_1462737570108{margin-top: 15px !important;margin-bottom: 15px !important;}&#8221;]<\/p>\n<h1 style=\"text-align: center;\"><span style=\"color: #ab2424;\">CONHE\u00c7A NOSSA HIST\u00d3RIA<\/span><\/h1>\n<p>[\/vc_column_text][\/vc_column][\/vc_row][vc_row row_type=&#8221;parallax&#8221; parallax_content_width=&#8221;full_width&#8221; anchor=&#8221;counters&#8221; text_align=&#8221;center&#8221; background_image=&#8221;14916&#8243; full_screen_section_height=&#8221;no&#8221; section_height=&#8221;400&#8243;][vc_column][\/vc_column][\/vc_row][vc_row row_type=&#8221;row&#8221; use_row_as_full_screen_section=&#8221;no&#8221; type=&#8221;grid&#8221; angled_section=&#8221;no&#8221; text_align=&#8221;left&#8221; background_image_as_pattern=&#8221;without_pattern&#8221; background_color=&#8221;#ffffff&#8221; padding_top=&#8221;77&#8243; padding_bottom=&#8221;48&#8243; css_animation=&#8221;&#8221;][vc_column width=&#8221;1\/3&#8243;][vc_row_inner row_type=&#8221;row&#8221; type=&#8221;full_width&#8221; text_align=&#8221;right&#8221; css_animation=&#8221;&#8221;][vc_column_inner][vc_single_image image=&#8221;14897&#8243; img_size=&#8221;full&#8221; alignment=&#8221;center&#8221; qode_css_animation=&#8221;element_from_left&#8221; transition_delay=&#8221;0.3&#8243; css=&#8221;.vc_custom_1462736996141{margin-top: 70px !important;}&#8221;][vc_separator type=&#8221;transparent&#8221; up=&#8221;21&#8243; down=&#8221;0&#8243;][\/vc_column_inner][\/vc_row_inner][\/vc_column][vc_column width=&#8221;2\/3&#8243;][vc_separator type=&#8221;transparent&#8221; up=&#8221;12&#8243; down=&#8221;0&#8243;][vc_column_text]<\/p>\n<h2 style=\"text-align: center;\">COMO TUDO COME\u00c7OU&#8230;<\/h2>\n<p>[\/vc_column_text][vc_separator type=&#8221;small&#8221; position=&#8221;center&#8221; color=&#8221;#d1d1d1&#8243; up=&#8221;7&#8243; down=&#8221;38&#8243;][vc_column_text]<\/p>\n<h4 style=\"text-align: justify;\">Foi Alberto Henrique Sch\u00fctz, na d\u00e9cada de 20 do s\u00e9culo passado que, como mestre de produ\u00e7\u00e3o de uma\u00a0empresa que fabricava os tabletes, percebeu o apelo do docinho de coco para o paladar brasileiro. Ent\u00e3o em 1942\u00a0resolveu montar seu pr\u00f3prio neg\u00f3cio e passou a fabricar as balas de coco que tanto sucesso fazem at\u00e9 hoje. Produto com sua formula original, natural e artesanal.<\/h4>\n<p>[\/vc_column_text][vc_column_text css=&#8221;.vc_custom_1462832521378{margin-top: 20px !important;}&#8221;]<\/p>\n<h2 style=\"text-align: center;\">HOJE EM DIA&#8230;<\/h2>\n<p>[\/vc_column_text][vc_separator type=&#8221;small&#8221; position=&#8221;center&#8221; color=&#8221;#d1d1d1&#8243; up=&#8221;7&#8243; down=&#8221;38&#8243;][vc_column_text]<\/p>\n<h4 style=\"text-align: justify;\">Seu N\u00eane, filho de Alberto, mesmo nome do fundador, deu sequ\u00eancia e modernizou a produ\u00e7\u00e3o e Augusto Schutz (Guto), terceira gera\u00e7\u00e3o \u00e9 quem toca o empreendimento hoje. Atualmente a f\u00e1brica est\u00e1 localizado na cidade de Bigua\u00e7u-SC, mas por muito tempo ela funcionou na rua Almirante Lamego no Centro de Florian\u00f3polis. A Bala por este tempo todo de existencia foi adquirido varios apelidos como: Bala paulista, quebra queixo, tor\u00e3o de coco, Balinha do papel amerelo, doce de coco ,entre outras.<\/h4>\n<p>[\/vc_column_text][vc_separator type=&#8221;transparent&#8221; up=&#8221;41&#8243; down=&#8221;0&#8243;][\/vc_column][\/vc_row][vc_row row_type=&#8221;row&#8221; use_row_as_full_screen_section=&#8221;no&#8221; type=&#8221;grid&#8221; angled_section=&#8221;no&#8221; text_align=&#8221;center&#8221; background_image_as_pattern=&#8221;without_pattern&#8221; background_color=&#8221;#feca15&#8243; padding_top=&#8221;34&#8243; padding_bottom=&#8221;33&#8243; css_animation=&#8221;&#8221;][vc_column][vc_column_text]<\/p>\n<h1 style=\"text-align: center;\"><span style=\"color: #000000;\">OFERE\u00c7A ESSE PRAZER AOS SEUS CLIENTES<\/span><\/h1>\n<p>[\/vc_column_text][\/vc_column][\/vc_row][vc_row row_type=&#8221;row&#8221; use_row_as_full_screen_section=&#8221;no&#8221; type=&#8221;grid&#8221; angled_section=&#8221;no&#8221; text_align=&#8221;center&#8221; background_image_as_pattern=&#8221;without_pattern&#8221; background_color=&#8221;#d01e25&#8243; padding_top=&#8221;54&#8243; padding_bottom=&#8221;58&#8243; css_animation=&#8221;&#8221;][vc_column][vc_column_text]<\/p>\n<h1 style=\"text-align: center;\"><span style=\"color: #ffffff;\">ENTRE EM CONTATO CONOSCO<\/span><\/h1>\n<p>[\/vc_column_text][\/vc_column][\/vc_row][vc_row row_type=&#8221;row&#8221; use_row_as_full_screen_section=&#8221;no&#8221; type=&#8221;grid&#8221; anchor=&#8221;testimonials&#8221; angled_section=&#8221;no&#8221; text_align=&#8221;left&#8221; background_image=&#8221;14967&#8243; background_image_as_pattern=&#8221;without_pattern&#8221; padding_top=&#8221;62&#8243; padding_bottom=&#8221;65&#8243; css_animation=&#8221;&#8221;][vc_column width=&#8221;1\/2&#8243;][vc_column_text][fc id=&#8217;1&#8242;][\/fc][\/vc_column_text][\/vc_column][vc_column width=&#8221;1\/2&#8243;][vc_column_text]<\/p>\n<h1 style=\"text-align: center;\">Atendimento<\/h1>\n<h2 style=\"text-align: center;\">(48) 9 9992-4503<\/h2>\n<h2 style=\"text-align: center;\">SAC 3285 2254<\/h2>\n<h2 style=\"text-align: center;\">contato@baladalva.com.br<\/h2>\n<h3 style=\"text-align: center;\"><a href=\"http:\/\/www.baladalva.com.br\/site\/index.php\/onde-encontrar\/\">SAIBA ONDE ENCONTRAR &#8211; CLIQUE AQUI<\/a><\/h3>\n<h3 style=\"text-align: center;\"><a href=\"http:\/\/www.baladalva.com.br\/site\/index.php\/parceiros\/\">CONHE\u00c7A NOSSOS PARCEIROS &#8211; CLIQUE AQUI<\/a><\/h3>\n<p>[\/vc_column_text][vc_empty_space][vc_column_text]<img loading=\"lazy\" decoding=\"async\" class=\"size-medium wp-image-14944 aligncenter\" src=\"http:\/\/www.baladalva.com.br\/site\/wp-content\/uploads\/2014\/03\/dalva-contato-300x300.png\" alt=\"dalva-contato\" width=\"300\" height=\"300\" srcset=\"https:\/\/www.baladalva.com.br\/site\/wp-content\/uploads\/2014\/03\/dalva-contato-300x300.png 300w, https:\/\/www.baladalva.com.br\/site\/wp-content\/uploads\/2014\/03\/dalva-contato-150x150.png 150w, https:\/\/www.baladalva.com.br\/site\/wp-content\/uploads\/2014\/03\/dalva-contato.png 346w\" sizes=\"(max-width: 300px) 100vw, 300px\" \/>[\/vc_column_text][vc_column_text css=&#8221;.vc_custom_1462914212271{margin-top: 45px !important;}&#8221;]<\/p>\n<p style=\"text-align: center;\"><a href=\"https:\/\/www.rbsites.com.br\/www\" target=\"_blank\" rel=\"noopener noreferrer\"><span style=\"color: #333333;\">Ag\u00eancia <strong>RBSites<\/strong><\/span><\/a><\/p>\n<p>[\/vc_column_text][\/vc_column][\/vc_row]<\/p>\n","protected":false},"excerpt":{"rendered":"<p>[vc_row row_type=&#8221;row&#8221; use_row_as_full_screen_section=&#8221;no&#8221; type=&#8221;full_width&#8221; anchor=&#8221;portfolio&#8221; angled_section=&#8221;no&#8221; text_align=&#8221;center&#8221; background_image_as_pattern=&#8221;without_pattern&#8221; background_color=&#8221;#feca15&#8243; css_animation=&#8221;&#8221;][vc_column width=&#8221;1\/2&#8243;][vc_column_text css=&#8221;.vc_custom_1464745365803{margin-top: 46px !important;margin-bottom: 20px !important;}&#8221;] CURTA A DALVA NAS REDES SOCIAIS [\/vc_column_text][\/vc_column][vc_column width=&#8221;1\/2&#8243;][vc_row_inner row_type=&#8221;row&#8221; type=&#8221;full_width&#8221; text_align=&#8221;left&#8221; css_animation=&#8221;&#8221;][vc_column_inner width=&#8221;1\/2&#8243;][vc_column_text css=&#8221;.vc_custom_1462913471029{margin-bottom: 16px !important;}&#8221;] [\/vc_column_text][\/vc_column_inner][vc_column_inner width=&#8221;1\/2&#8243;][vc_column_text css=&#8221;.vc_custom_1462832381941{margin-top: 16px !important;margin-bottom: 16px !important;}&#8221;] [\/vc_column_text][\/vc_column_inner][\/vc_row_inner][\/vc_column][\/vc_row][vc_row row_type=&#8221;row&#8221; use_row_as_full_screen_section=&#8221;no&#8221; type=&#8221;full_width&#8221; anchor=&#8221;portfolio&#8221; angled_section=&#8221;no&#8221;&#8230;<\/p>\n","protected":false},"author":1,"featured_media":0,"parent":0,"menu_order":0,"comment_status":"open","ping_status":"open","template":"full_width.php","meta":{"footnotes":""},"_links":{"self":[{"href":"https:\/\/www.baladalva.com.br\/site\/wp-json\/wp\/v2\/pages\/14468"}],"collection":[{"href":"https:\/\/www.baladalva.com.br\/site\/wp-json\/wp\/v2\/pages"}],"about":[{"href":"https:\/\/www.baladalva.com.br\/site\/wp-json\/wp\/v2\/types\/page"}],"author":[{"embeddable":true,"href":"https:\/\/www.baladalva.com.br\/site\/wp-json\/wp\/v2\/users\/1"}],"replies":[{"embeddable":true,"href":"https:\/\/www.baladalva.com.br\/site\/wp-json\/wp\/v2\/comments?post=14468"}],"version-history":[{"count":113,"href":"https:\/\/www.baladalva.com.br\/site\/wp-json\/wp\/v2\/pages\/14468\/revisions"}],"predecessor-version":[{"id":15226,"href":"https:\/\/www.baladalva.com.br\/site\/wp-json\/wp\/v2\/pages\/14468\/revisions\/15226"}],"wp:attachment":[{"href":"https:\/\/www.baladalva.com.br\/site\/wp-json\/wp\/v2\/media?parent=14468"}],"curies":[{"name":"wp","href":"https:\/\/api.w.org\/{rel}","templated":true}]}}